{"id":967,"date":"2025-12-13T02:43:48","date_gmt":"2025-12-13T02:43:48","guid":{"rendered":"https:\/\/egs-dz.com\/?post_type=product&#038;p=967"},"modified":"2026-05-13T09:28:41","modified_gmt":"2026-05-13T09:28:41","slug":"chaise-gaming-01","status":"publish","type":"product","link":"https:\/\/egs-dz.com\/ar\/product\/chaise-gaming-01\/","title":{"rendered":"Chaise PDG EGS006"},"content":{"rendered":"<div dir=\"auto\">1. simili Cuir de haute qualit\u00e9 et coton vierge<\/div>\n<div dir=\"auto\">2. Accoudoirs 3D<\/div>\n<div dir=\"auto\">3. Tablette papillon<\/div>\n<div dir=\"auto\">4. V\u00e9rin \u00e0 gaz de niveau 4 de haute qualit\u00e9<\/div>\n<div dir=\"auto\">5.\u00a0 Appui-t\u00eate reglable et soutien lombaire en mousse \u00e0 m\u00e9moire de forme<\/div>\n<div dir=\"auto\">6.\u00a0\u00a0 Base en nylon \u00e9pais<\/div>\n<div dir=\"auto\">7. Inclinable \u00e0 180\u00b0 et ajustable en hauteur<\/div>\n<div dir=\"auto\">8. rotation 360\u00b0<\/div>\n<div id=\"x_ms-outlook-mobile-body-separator-line\" dir=\"auto\" data-applydefaultfontstyles=\"true\">\n<div dir=\"auto\"><\/div>\n<\/div>","protected":false},"excerpt":{"rendered":"<p>1. simili Cuir de haute qualit\u00e9 et coton vierge 2. Accoudoirs 3D 3. Tablette papillon 4. V\u00e9rin \u00e0 gaz de<\/p>","protected":false},"featured_media":989,"comment_status":"open","ping_status":"closed","template":"","meta":[],"product_brand":[],"product_cat":[46],"product_tag":[],"class_list":{"0":"post-967","1":"product","2":"type-product","3":"status-publish","4":"has-post-thumbnail","6":"product_cat-chaises","8":"first","9":"instock","10":"sale","11":"sold-individually","12":"shipping-taxable","13":"purchasable","14":"product-type-simple"},"jetpack_sharing_enabled":true,"_links":{"self":[{"href":"https:\/\/egs-dz.com\/ar\/wp-json\/wp\/v2\/product\/967","targetHints":{"allow":["GET"]}}],"collection":[{"href":"https:\/\/egs-dz.com\/ar\/wp-json\/wp\/v2\/product"}],"about":[{"href":"https:\/\/egs-dz.com\/ar\/wp-json\/wp\/v2\/types\/product"}],"replies":[{"embeddable":true,"href":"https:\/\/egs-dz.com\/ar\/wp-json\/wp\/v2\/comments?post=967"}],"version-history":[{"count":3,"href":"https:\/\/egs-dz.com\/ar\/wp-json\/wp\/v2\/product\/967\/revisions"}],"predecessor-version":[{"id":1495,"href":"https:\/\/egs-dz.com\/ar\/wp-json\/wp\/v2\/product\/967\/revisions\/1495"}],"wp:featuredmedia":[{"embeddable":true,"href":"https:\/\/egs-dz.com\/ar\/wp-json\/wp\/v2\/media\/989"}],"wp:attachment":[{"href":"https:\/\/egs-dz.com\/ar\/wp-json\/wp\/v2\/media?parent=967"}],"wp:term":[{"taxonomy":"product_brand","embeddable":true,"href":"https:\/\/egs-dz.com\/ar\/wp-json\/wp\/v2\/product_brand?post=967"},{"taxonomy":"product_cat","embeddable":true,"href":"https:\/\/egs-dz.com\/ar\/wp-json\/wp\/v2\/product_cat?post=967"},{"taxonomy":"product_tag","embeddable":true,"href":"https:\/\/egs-dz.com\/ar\/wp-json\/wp\/v2\/product_tag?post=967"}],"curies":[{"name":"wp","href":"https:\/\/api.w.org\/{rel}","templated":true}]}}