{"id":1926,"date":"2026-05-02T13:08:23","date_gmt":"2026-05-02T13:08:23","guid":{"rendered":"https:\/\/egs-dz.com\/?post_type=product&#038;p=1926"},"modified":"2026-05-13T08:54:46","modified_gmt":"2026-05-13T08:54:46","slug":"chaise-egs002","status":"publish","type":"product","link":"https:\/\/egs-dz.com\/ar\/product\/chaise-egs002\/","title":{"rendered":"CHAISE EGS002"},"content":{"rendered":"<p data-start=\"270\" data-end=\"520\">\u00c9levez votre exp\u00e9rience de jeu avec la <strong data-start=\"309\" data-end=\"329\">Chaise Gaming EGS002<\/strong>, con\u00e7ue pour allier <strong data-start=\"350\" data-end=\"382\">confort, style et durabilit\u00e9<\/strong>. Id\u00e9ale pour les longues sessions de jeu, elle offre un maintien optimal gr\u00e2ce \u00e0 son <strong data-start=\"468\" data-end=\"519\">dossier ergonomique et ses accoudoirs r\u00e9glables<\/strong>.<\/p>\n<p data-start=\"522\" data-end=\"558\"><strong data-start=\"522\" data-end=\"556\">Caract\u00e9ristiques principales :<\/strong><\/p>\n<ul data-start=\"559\" data-end=\"1004\">\n<li data-start=\"559\" data-end=\"649\">\n<p data-start=\"561\" data-end=\"649\"><strong data-start=\"561\" data-end=\"583\">Design ergonomique<\/strong> : soutien lombaire et posture parfaite pour r\u00e9duire la fatigue.<\/p>\n<\/li>\n<li data-start=\"650\" data-end=\"741\">\n<p data-start=\"652\" data-end=\"741\"><strong data-start=\"652\" data-end=\"687\">Mat\u00e9riaux de qualit\u00e9 sup\u00e9rieure<\/strong> : simili cuir r\u00e9sistant et rembourrage confortable.<\/p>\n<\/li>\n<li data-start=\"742\" data-end=\"831\">\n<p data-start=\"744\" data-end=\"831\"><strong data-start=\"744\" data-end=\"779\">Accoudoirs et dossier r\u00e9glables 180<\/strong> : personnalisez votre position selon vos besoins(ACCOUDOIR 5D).<\/p>\n<\/li>\n<li data-start=\"832\" data-end=\"928\">\n<p data-start=\"834\" data-end=\"928\"><strong data-start=\"834\" data-end=\"878\">Base robuste avec roulettes silencieuses<\/strong> : stabilit\u00e9 et mobilit\u00e9 sur tous types de sols.<\/p>\n<\/li>\n<li data-start=\"929\" data-end=\"1004\">\n<p data-start=\"931\" data-end=\"1004\"><strong data-start=\"931\" data-end=\"959\">Style moderne et \u00e9l\u00e9gant<\/strong> : s\u2019adapte \u00e0 votre setup gaming ou bureau.<\/p>\n<\/li>\n<\/ul>\n<p data-start=\"1006\" data-end=\"1050\"><strong data-start=\"1006\" data-end=\"1048\">Pourquoi choisir la Chaise Gaming egs002 ?<\/strong><\/p>\n<ul data-start=\"1051\" data-end=\"1215\">\n<li data-start=\"1051\" data-end=\"1122\">\n<p data-start=\"1053\" data-end=\"1122\">Id\u00e9ale pour gamers et professionnels travaillant de longues heures.<\/p>\n<\/li>\n<li data-start=\"1123\" data-end=\"1175\">\n<p data-start=\"1125\" data-end=\"1175\">Con\u00e7ue pour durer avec des mat\u00e9riaux r\u00e9sistants.<\/p>\n<\/li>\n<li data-start=\"1176\" data-end=\"1215\">\n<p data-start=\"1178\" data-end=\"1215\">Facile \u00e0 assembler et \u00e0 entretenir.<\/p>\n<\/li>\n<\/ul>","protected":false},"excerpt":{"rendered":"<p>\u00c9levez votre exp\u00e9rience de jeu avec la Chaise Gaming EGS002, con\u00e7ue pour allier confort, style et durabilit\u00e9. Id\u00e9ale pour les<\/p>","protected":false},"featured_media":1911,"comment_status":"open","ping_status":"closed","template":"","meta":[],"product_brand":[],"product_cat":[46],"product_tag":[],"class_list":{"0":"post-1926","1":"product","2":"type-product","3":"status-publish","4":"has-post-thumbnail","6":"product_cat-chaises","8":"first","9":"outofstock","10":"sale","11":"shipping-taxable","12":"purchasable","13":"product-type-simple"},"jetpack_sharing_enabled":true,"_links":{"self":[{"href":"https:\/\/egs-dz.com\/ar\/wp-json\/wp\/v2\/product\/1926","targetHints":{"allow":["GET"]}}],"collection":[{"href":"https:\/\/egs-dz.com\/ar\/wp-json\/wp\/v2\/product"}],"about":[{"href":"https:\/\/egs-dz.com\/ar\/wp-json\/wp\/v2\/types\/product"}],"replies":[{"embeddable":true,"href":"https:\/\/egs-dz.com\/ar\/wp-json\/wp\/v2\/comments?post=1926"}],"version-history":[{"count":1,"href":"https:\/\/egs-dz.com\/ar\/wp-json\/wp\/v2\/product\/1926\/revisions"}],"predecessor-version":[{"id":1927,"href":"https:\/\/egs-dz.com\/ar\/wp-json\/wp\/v2\/product\/1926\/revisions\/1927"}],"wp:featuredmedia":[{"embeddable":true,"href":"https:\/\/egs-dz.com\/ar\/wp-json\/wp\/v2\/media\/1911"}],"wp:attachment":[{"href":"https:\/\/egs-dz.com\/ar\/wp-json\/wp\/v2\/media?parent=1926"}],"wp:term":[{"taxonomy":"product_brand","embeddable":true,"href":"https:\/\/egs-dz.com\/ar\/wp-json\/wp\/v2\/product_brand?post=1926"},{"taxonomy":"product_cat","embeddable":true,"href":"https:\/\/egs-dz.com\/ar\/wp-json\/wp\/v2\/product_cat?post=1926"},{"taxonomy":"product_tag","embeddable":true,"href":"https:\/\/egs-dz.com\/ar\/wp-json\/wp\/v2\/product_tag?post=1926"}],"curies":[{"name":"wp","href":"https:\/\/api.w.org\/{rel}","templated":true}]}}