{"id":1790,"date":"2026-04-01T12:38:50","date_gmt":"2026-04-01T12:38:50","guid":{"rendered":"https:\/\/egs-dz.com\/?post_type=product&#038;p=1790"},"modified":"2026-04-08T10:08:33","modified_gmt":"2026-04-08T10:08:33","slug":"chaise-haut-de-gamme-007-noire","status":"publish","type":"product","link":"https:\/\/egs-dz.com\/ar\/product\/chaise-haut-de-gamme-007-noire\/","title":{"rendered":"CHAISE HAUT DE GAMME EGS007 NOIRE"},"content":{"rendered":"<p>. REV\u00caTEMENT EN DAIM DE HAUTE QUALIT\u00c9<\/p>\n<p>. ACCOUDOIRS R\u00c9GLABLE 4D<\/p>\n<p>. PLATEAU EN FORME DE GRENOUILLE<\/p>\n<p>. PIEDS M\u00c9TAL DE HAUTE QUALIT\u00c9<\/p>\n<p>. APPUI-T\u00caTE ET SOUTIEN LOMBAIRE EN MOUSSE A M\u00c9MOIRE DE FORME<\/p>\n<p>.V\u00c9RIN A GAZ CLASSE 4<\/p>\n<p>. AJUSTABLE EN HAUTEUR ET DOSSIER INCLINABLE<\/p>","protected":false},"excerpt":{"rendered":"<p>. REV\u00caTEMENT EN DAIM DE HAUTE QUALIT\u00c9 . ACCOUDOIRS R\u00c9GLABLE 4D . PLATEAU EN FORME DE GRENOUILLE . PIEDS M\u00c9TAL<\/p>","protected":false},"featured_media":1791,"comment_status":"open","ping_status":"closed","template":"","meta":[],"product_brand":[],"product_cat":[46],"product_tag":[],"class_list":{"0":"post-1790","1":"product","2":"type-product","3":"status-publish","4":"has-post-thumbnail","6":"product_cat-chaises","8":"first","9":"outofstock","10":"shipping-taxable","11":"product-type-simple"},"jetpack_sharing_enabled":true,"_links":{"self":[{"href":"https:\/\/egs-dz.com\/ar\/wp-json\/wp\/v2\/product\/1790","targetHints":{"allow":["GET"]}}],"collection":[{"href":"https:\/\/egs-dz.com\/ar\/wp-json\/wp\/v2\/product"}],"about":[{"href":"https:\/\/egs-dz.com\/ar\/wp-json\/wp\/v2\/types\/product"}],"replies":[{"embeddable":true,"href":"https:\/\/egs-dz.com\/ar\/wp-json\/wp\/v2\/comments?post=1790"}],"version-history":[{"count":2,"href":"https:\/\/egs-dz.com\/ar\/wp-json\/wp\/v2\/product\/1790\/revisions"}],"predecessor-version":[{"id":1796,"href":"https:\/\/egs-dz.com\/ar\/wp-json\/wp\/v2\/product\/1790\/revisions\/1796"}],"wp:featuredmedia":[{"embeddable":true,"href":"https:\/\/egs-dz.com\/ar\/wp-json\/wp\/v2\/media\/1791"}],"wp:attachment":[{"href":"https:\/\/egs-dz.com\/ar\/wp-json\/wp\/v2\/media?parent=1790"}],"wp:term":[{"taxonomy":"product_brand","embeddable":true,"href":"https:\/\/egs-dz.com\/ar\/wp-json\/wp\/v2\/product_brand?post=1790"},{"taxonomy":"product_cat","embeddable":true,"href":"https:\/\/egs-dz.com\/ar\/wp-json\/wp\/v2\/product_cat?post=1790"},{"taxonomy":"product_tag","embeddable":true,"href":"https:\/\/egs-dz.com\/ar\/wp-json\/wp\/v2\/product_tag?post=1790"}],"curies":[{"name":"wp","href":"https:\/\/api.w.org\/{rel}","templated":true}]}}