{"id":1339,"date":"2025-12-18T03:41:59","date_gmt":"2025-12-18T03:41:59","guid":{"rendered":"https:\/\/egs-dz.com\/?post_type=product&#038;p=1339"},"modified":"2026-01-04T18:14:17","modified_gmt":"2026-01-04T18:14:17","slug":"msi-vigor-gk30","status":"publish","type":"product","link":"https:\/\/egs-dz.com\/ar\/product\/msi-vigor-gk30\/","title":{"rendered":"MSI Vigor GK30"},"content":{"rendered":"<p>Un clavier gaming polyvalent et abordable<br \/>\nS\u2019adressant aux joueurs d\u00e9sirant du mat\u00e9riel de qualit\u00e9 mais n\u00e9anmoins abordable le clavier MSI Vigor GK30 se montre tr\u00e8s complet pour vous accompagner durant vos parties. Il est \u00e9quip\u00e9 d\u2019interrupteurs \u00e0 membrane \u00e0 Switches Plunger qui permettent d\u2019imiter la sensation de frappe d\u2019interrupteurs m\u00e9caniques tout en se montrant moins bruyants que ces derniers. Dot\u00e9 d\u2019un syst\u00e8me de r\u00e9tro\u00e9clairage RGB \u00e0 6 zones, ce clavier est aussi r\u00e9sistant puisqu\u2019il r\u00e9siste aux projections d\u2019eau. Une \u00ab Gaming Base \u00bb est \u00e9galement plac\u00e9e sous la touche espace pour assurer une meilleure solidit\u00e9 g\u00e9n\u00e9rale \u00e0 l\u2019ensemble.<\/p>","protected":false},"excerpt":{"rendered":"<p>Un clavier gaming polyvalent et abordable S\u2019adressant aux joueurs d\u00e9sirant du mat\u00e9riel de qualit\u00e9 mais n\u00e9anmoins abordable le clavier MSI<\/p>","protected":false},"featured_media":1344,"comment_status":"open","ping_status":"closed","template":"","meta":[],"product_brand":[],"product_cat":[56],"product_tag":[],"class_list":{"0":"post-1339","1":"product","2":"type-product","3":"status-publish","4":"has-post-thumbnail","6":"product_cat-accessoire-informatique","8":"first","9":"instock","10":"sale","11":"shipping-taxable","12":"purchasable","13":"product-type-simple"},"jetpack_sharing_enabled":true,"_links":{"self":[{"href":"https:\/\/egs-dz.com\/ar\/wp-json\/wp\/v2\/product\/1339","targetHints":{"allow":["GET"]}}],"collection":[{"href":"https:\/\/egs-dz.com\/ar\/wp-json\/wp\/v2\/product"}],"about":[{"href":"https:\/\/egs-dz.com\/ar\/wp-json\/wp\/v2\/types\/product"}],"replies":[{"embeddable":true,"href":"https:\/\/egs-dz.com\/ar\/wp-json\/wp\/v2\/comments?post=1339"}],"version-history":[{"count":1,"href":"https:\/\/egs-dz.com\/ar\/wp-json\/wp\/v2\/product\/1339\/revisions"}],"predecessor-version":[{"id":1345,"href":"https:\/\/egs-dz.com\/ar\/wp-json\/wp\/v2\/product\/1339\/revisions\/1345"}],"wp:featuredmedia":[{"embeddable":true,"href":"https:\/\/egs-dz.com\/ar\/wp-json\/wp\/v2\/media\/1344"}],"wp:attachment":[{"href":"https:\/\/egs-dz.com\/ar\/wp-json\/wp\/v2\/media?parent=1339"}],"wp:term":[{"taxonomy":"product_brand","embeddable":true,"href":"https:\/\/egs-dz.com\/ar\/wp-json\/wp\/v2\/product_brand?post=1339"},{"taxonomy":"product_cat","embeddable":true,"href":"https:\/\/egs-dz.com\/ar\/wp-json\/wp\/v2\/product_cat?post=1339"},{"taxonomy":"product_tag","embeddable":true,"href":"https:\/\/egs-dz.com\/ar\/wp-json\/wp\/v2\/product_tag?post=1339"}],"curies":[{"name":"wp","href":"https:\/\/api.w.org\/{rel}","templated":true}]}}