{"id":70,"date":"2025-03-21T13:56:55","date_gmt":"2025-03-21T13:56:55","guid":{"rendered":"https:\/\/dummy.xtemos.com\/woodmart2\/t-shirts-elementor\/?page_id=70"},"modified":"2025-12-15T04:50:32","modified_gmt":"2025-12-15T04:50:32","slug":"about-us","status":"publish","type":"page","link":"https:\/\/egs-dz.com\/ar\/about-us\/","title":{"rendered":"\u0645\u0646 \u0646\u062d\u0646"},"content":{"rendered":"<div data-elementor-type=\"wp-page\" data-elementor-id=\"70\" class=\"elementor elementor-70\">\n\t\t\t\t<div class=\"wd-negative-gap elementor-element elementor-element-58153ac wd-section-stretch-content e-flex e-con-boxed e-con e-parent\" data-id=\"58153ac\" data-element_type=\"container\" data-e-type=\"container\">\n\t\t\t\t\t<div class=\"e-con-inner\">\n\t\t\t\t<div class=\"elementor-element elementor-element-c1b2a19 wd-page-title-el elementor-widget elementor-widget-wd_page_title\" data-id=\"c1b2a19\" data-element_type=\"widget\" data-e-type=\"widget\" data-widget_type=\"wd_page_title.default\">\n\t\t\t\t<div class=\"elementor-widget-container\">\n\t\t\t\t\t\t\t\t\t<div class=\"wd-page-title page-title  page-title-default title-size-small title-design-centered wd-section-stretch color-scheme-dark\" style=\"\">\n\t\t\t\t\t<div class=\"wd-page-title-bg wd-fill\">\n\t\t\t\t\t\t\t\t\t\t\t<\/div>\n\t\t\t\t\t<div class=\"container\">\n\t\t\t\t\t\t\t\t\t\t\t\t\t\t\t\t\t\t\t\t\t<h1 class=\"entry-title title\">\n\t\t\t\t\t\t\t\t\t\u0645\u0646 \u0646\u062d\u0646\t\t\t\t\t\t\t\t<\/h1>\n\n\t\t\t\t\t\t\t\t\t\t\t\t\t\t\t\n\t\t\t\t\t\t\t\t\t\t\t\t\t\t\t<nav class=\"wd-breadcrumbs\"><a href=\"https:\/\/egs-dz.com\/ar\/\">Home<\/a><span class=\"wd-delimiter\"><\/span><span class=\"wd-last\">\u0635\u0641\u062d\u0629<\/span><\/nav>\t\t\t\t\t\t\t\t\t\t\t\t\t\t\t\t\t\t<\/div>\n\t\t\t\t<\/div>\n\t\t\t\t\t\t\t<\/div>\n\t\t\t\t<\/div>\n\t\t\t\t\t<\/div>\n\t\t\t\t<\/div>\n\t\t<div class=\"wd-negative-gap elementor-element elementor-element-86e6c18 e-flex e-con-boxed e-con e-parent\" data-id=\"86e6c18\" data-element_type=\"container\" data-e-type=\"container\">\n\t\t\t\t\t<div class=\"e-con-inner\">\n\t\t<div class=\"elementor-element elementor-element-142f7d7 e-con-full e-flex e-con e-child\" data-id=\"142f7d7\" data-element_type=\"container\" data-e-type=\"container\">\n\t\t\t\t<div class=\"elementor-element elementor-element-fd8f81b wd-width-100 elementor-widget elementor-widget-wd_title\" data-id=\"fd8f81b\" data-element_type=\"widget\" data-e-type=\"widget\" data-widget_type=\"wd_title.default\">\n\t\t\t\t<div class=\"elementor-widget-container\">\n\t\t\t\t\t\t\t<div class=\"title-wrapper wd-set-mb reset-last-child wd-title-color-default wd-title-style-default wd-title-size-default text-center\">\n\n\t\t\t\n\t\t\t<div class=\"liner-continer\">\n\t\t\t\t<h4 class=\"woodmart-title-container title wd-fontsize-l\">\u0639\u0646 \u0645\u062a\u062c\u0631 Golden Shop<\/h4> \n\t\t\t\t\t\t\t<\/div>\n\n\t\t\t\t\t<\/div>\n\t\t\t\t\t\t<\/div>\n\t\t\t\t<\/div>\n\t\t\t\t<div class=\"elementor-element elementor-element-3e45e1a elementor-widget elementor-widget-wd_image_or_svg\" data-id=\"3e45e1a\" data-element_type=\"widget\" data-e-type=\"widget\" data-widget_type=\"wd_image_or_svg.default\">\n\t\t\t\t<div class=\"elementor-widget-container\">\n\t\t\t\t\t\n\t\t<div class=\"wd-image text-center\">\n\t\t\t\t\t\t\t\t<img loading=\"lazy\" decoding=\"async\" width=\"400\" height=\"119\" src=\"https:\/\/egs-dz.com\/wp-content\/uploads\/2025\/12\/goldenshop-logo-black-modified-400x119.png\" class=\"attachment-medium size-medium\" alt=\"\" srcset=\"https:\/\/egs-dz.com\/wp-content\/uploads\/2025\/12\/goldenshop-logo-black-modified-400x119.png 400w, https:\/\/egs-dz.com\/wp-content\/uploads\/2025\/12\/goldenshop-logo-black-modified-1300x386.png 1300w, https:\/\/egs-dz.com\/wp-content\/uploads\/2025\/12\/goldenshop-logo-black-modified-768x228.png 768w, https:\/\/egs-dz.com\/wp-content\/uploads\/2025\/12\/goldenshop-logo-black-modified-1536x457.png 1536w, https:\/\/egs-dz.com\/wp-content\/uploads\/2025\/12\/goldenshop-logo-black-modified-430x128.png 430w, https:\/\/egs-dz.com\/wp-content\/uploads\/2025\/12\/goldenshop-logo-black-modified-700x208.png 700w, https:\/\/egs-dz.com\/wp-content\/uploads\/2025\/12\/goldenshop-logo-black-modified-180x54.png 180w, https:\/\/egs-dz.com\/wp-content\/uploads\/2025\/12\/goldenshop-logo-black-modified.png 1766w\" sizes=\"auto, (max-width: 400px) 100vw, 400px\" \/>\t\t\t\t\t<\/div>\n\n\t\t\t\t\t\t<\/div>\n\t\t\t\t<\/div>\n\t\t\t\t<\/div>\n\t\t<div class=\"elementor-element elementor-element-34640f4 e-con-full e-flex e-con e-child\" data-id=\"34640f4\" data-element_type=\"container\" data-e-type=\"container\">\n\t\t\t\t<div class=\"elementor-element elementor-element-a0be9df elementor-widget elementor-widget-wd_text_block\" data-id=\"a0be9df\" data-element_type=\"widget\" data-e-type=\"widget\" data-widget_type=\"wd_text_block.default\">\n\t\t\t\t<div class=\"elementor-widget-container\">\n\t\t\t\t\t\t\t<div class=\"wd-text-block reset-last-child text-center\">\n\t\t\t\n\t\t\t<p data-start=\"1869\" data-end=\"2041\"><strong data-start=\"1869\" data-end=\"1884\">Golden Shop<\/strong> \u0647\u064a \u0639\u0644\u0627\u0645\u0629 \u062a\u062c\u0627\u0631\u064a\u0629 \u0645\u062a\u062e\u0635\u0635\u0629 \u0641\u064a \u0627\u0633\u062a\u064a\u0631\u0627\u062f \u0648\u062a\u0648\u0632\u064a\u0639 <strong data-start=\"1953\" data-end=\"1971\">\u0643\u0631\u0627\u0633\u064a \u0623\u0644\u0639\u0627\u0628<\/strong>, <strong data-start=\"1973\" data-end=\"1991\">\u0645\u0643\u0627\u062a\u0628 \u0623\u0644\u0639\u0627\u0628<\/strong> \u0648\u0642\u0631\u064a\u0628\u064b\u0627 \u0633\u062a\u062a\u0648\u0641\u0631<strong data-start=\"2011\" data-end=\"2040\">\u0625\u0643\u0633\u0633\u0648\u0627\u0631\u0627\u062a \u0627\u0644\u0643\u0645\u0628\u064a\u0648\u062a\u0631<\/strong>.<\/p><p data-start=\"2043\" data-end=\"2231\">\u0645\u0647\u0645\u062a\u0646\u0627 \u0647\u064a \u062a\u0642\u062f\u064a\u0645 \u0645\u0646\u062a\u062c\u0627\u062a <strong data-start=\"2089\" data-end=\"2106\">\u0639\u0627\u0644\u064a\u0629 \u0627\u0644\u062c\u0648\u062f\u0629<\/strong>\u060c \u0645\u062e\u062a\u0627\u0631\u0629 \u0645\u0646 \u0645\u0648\u0631\u062f\u064a\u0646 \u0645\u0648\u062b\u0648\u0642\u064a\u0646\u060c \u0644\u062a\u0644\u0628\u064a\u0629 \u0627\u062d\u062a\u064a\u0627\u062c\u0627\u062a \u0627\u0644\u0644\u0627\u0639\u0628\u064a\u0646\u060c \u0648\u0627\u0644\u0645\u0630\u064a\u0639\u064a\u0646\u060c \u0648\u0627\u0644\u0645\u0633\u062a\u0642\u0644\u064a\u0646\u060c \u0648\u0627\u0644\u0645\u062d\u062a\u0631\u0641\u064a\u0646.<\/p><p data-start=\"2233\" data-end=\"2337\">\u0646\u062d\u0646 \u0646\u0624\u0645\u0646 \u0623\u0646 \u0627\u0644\u0631\u0627\u062d\u0629 \u0639\u0646\u0635\u0631 \u0623\u0633\u0627\u0633\u064a \u0644\u062a\u062d\u0642\u064a\u0642 \u0627\u0644\u0623\u062f\u0627\u0621\u060c \u0633\u0648\u0627\u0621 \u0641\u064a \u0627\u0644\u0644\u0639\u0628 \u0623\u0648 \u0627\u0644\u0639\u0645\u0644.<\/p>\n\t\t\t\t\t<\/div>\n\t\t\t\t\t\t<\/div>\n\t\t\t\t<\/div>\n\t\t\t\t<\/div>\n\t\t\t\t\t<\/div>\n\t\t\t\t<\/div>\n\t\t\t\t<\/div>","protected":false},"excerpt":{"rendered":"<p>About us AccueilPage \u00c0 propos de Golden Shop Golden Shop est une marque sp\u00e9cialis\u00e9e dans l\u2019importation et la distribution de<\/p>","protected":false},"author":1,"featured_media":0,"parent":0,"menu_order":0,"comment_status":"closed","ping_status":"closed","template":"","meta":{"footnotes":""},"class_list":["post-70","page","type-page","status-publish","hentry"],"jetpack_sharing_enabled":true,"_links":{"self":[{"href":"https:\/\/egs-dz.com\/ar\/wp-json\/wp\/v2\/pages\/70","targetHints":{"allow":["GET"]}}],"collection":[{"href":"https:\/\/egs-dz.com\/ar\/wp-json\/wp\/v2\/pages"}],"about":[{"href":"https:\/\/egs-dz.com\/ar\/wp-json\/wp\/v2\/types\/page"}],"author":[{"embeddable":true,"href":"https:\/\/egs-dz.com\/ar\/wp-json\/wp\/v2\/users\/1"}],"replies":[{"embeddable":true,"href":"https:\/\/egs-dz.com\/ar\/wp-json\/wp\/v2\/comments?post=70"}],"version-history":[{"count":8,"href":"https:\/\/egs-dz.com\/ar\/wp-json\/wp\/v2\/pages\/70\/revisions"}],"predecessor-version":[{"id":1321,"href":"https:\/\/egs-dz.com\/ar\/wp-json\/wp\/v2\/pages\/70\/revisions\/1321"}],"wp:attachment":[{"href":"https:\/\/egs-dz.com\/ar\/wp-json\/wp\/v2\/media?parent=70"}],"curies":[{"name":"wp","href":"https:\/\/api.w.org\/{rel}","templated":true}]}}